{"id":207,"date":"2011-11-29T15:08:13","date_gmt":"2011-11-29T15:08:13","guid":{"rendered":"https:\/\/wittgenstein-lectures.aau.at\/?page_id=207"},"modified":"2015-11-03T13:25:19","modified_gmt":"2015-11-03T13:25:19","slug":"impressum-2","status":"publish","type":"page","link":"https:\/\/www.wittgenstein-lectures.aau.at\/?page_id=207","title":{"rendered":"<!--:de-->Impressum<!--:--><!--:en-->Legal Notice<!--:-->"},"content":{"rendered":"<p><!--:de--><\/p>\n<div style=\"text-align: left;\"><strong>Inhaltliche und redaktionelle Verantwortung<\/strong><\/div>\n<div><\/div>\n<div style=\"text-align: justify;\"><a title=\"Contact\" href=\"https:\/\/campus.aau.at\/org\/visitenkarte?atoken=440555026\">lic. phil. Bernhard Ritter<\/a> Institut f\u00fcr Philosophie Alpen-Adria-Universit\u00e4t Klagenfurt Universit\u00e4tsstra\u00dfe 65-67 A-9020 Klagenfurt.<\/div>\n<div><\/div>\n<div><strong>Aufsichtsbeh\u00f6rde der Universit\u00e4t Klagenfurt<\/strong><\/div>\n<div><\/div>\n<div style=\"text-align: justify;\">Bundesministerium f\u00fcr Bildung, Wissenschaft und Kultur (bm:wf). Anwendbare Vorschrift gem\u00e4\u00df ECG: Universit\u00e4tsgesetz 2002.<\/div>\n<div><\/div>\n<div><strong>Haftung<\/strong><\/div>\n<div><\/div>\n<div style=\"text-align: justify;\">S\u00e4mtliche Texte auf der Webseite wurden sorgf\u00e4ltig gepr\u00fcft. Dessen ungeachtet kann keine Garantie f\u00fcr die Richtigkeit, Vollst\u00e4ndigkeit und Aktualit\u00e4t der Angaben \u00fcbernommen werden. Eine Haftung f\u00fcr diese Inhalte wird daher ausgeschlossen. Das Copyright \u00a9 liegt bei dem Projektleiter und den Projektmitarbeitern.<\/div>\n<div><\/div>\n<div><strong>Anmerkung<\/strong><\/div>\n<div><\/div>\n<div style=\"text-align: justify;\">Das Copyright erstreckt sich nicht auf das Foto von Elberry von Whewell&#8217;s Court im Jahr 2010, wovon ein Ausschnitt f\u00fcr das Poster des Book Colloquiums 2015 verwendet wurde. Abweichend vom Original, haben wir ein Hochformat ben\u00fctzt, um die Vertikale zu betonen, in die Wittgensteins dreiteiliges neugothisches Fenster ger\u00fcckt wurde. Das Bild wurde in Schwarz-Wei\u00df gerastert, abget\u00f6nt und als Hintergrund f\u00fcr den Text verwendet. Der Gesamteindruck soll auf die Bucheinschl\u00e4ge der Originalausgaben von Wittgensteins Vorlesungen von 1930-32 und 1932-35 anspielen. Wir halten dies f\u00fcr einen transformativen und fairen Gebrauch der urspr\u00fcnglichen Fotografie, zumal das Poster keinen kommerziellen, sondern einen rein bildungsm\u00e4\u00dfigen und wissenschaftlichen Zweck besitzt.<\/div>\n<div><\/div>\n<p><!--:--><!--:en--><\/p>\n<div><strong>Responsibility for content and presenation<\/strong><\/div>\n<div><\/div>\n<div style=\"text-align: justify;\"><a title=\"Contact\" href=\"https:\/\/campus.aau.at\/org\/visitenkarte?atoken=440555026\">lic. phil. Bernhard Ritter<\/a> Institute of Philosophy, AAU Klagenfurt, Universit\u00e4tsstra\u00dfe 65-67 9020 Klagenfurt, Austria.<\/div>\n<div><\/div>\n<div><strong>Supervisory authority of the AAU Klagenfurt<\/strong><\/div>\n<div><\/div>\n<div style=\"text-align: justify;\">Bundesministerium f\u00fcr Bildung, Wissenschaft und Kultur (bm:wf). Applicable law according to ECG: Universit\u00e4tsgesetz 2002.<\/div>\n<div><\/div>\n<div><strong>Liability<\/strong><\/div>\n<div><\/div>\n<div style=\"text-align: justify;\">All contents have been carefully checked. Regardless of that, no guarantee can be given for their correctness, completeness and up-to-dateness, and all liability for them is excluded. Copyright \u00a9 is owned by the project leader and colaborator.<\/div>\n<div><\/div>\n<div><strong>Note<\/strong><\/div>\n<div><\/div>\n<div style=\"text-align: justify;\">Copyright does not extend to a photo by Elberry of Whewell&#8217;s Court in 2010, of which a part was used for the poster announcing the Book Colloquium in 2015. Departing from the original, we decided on a portrait format in order to emphasise the vertical in which we placed Wittgenstein&#8217;s tripartite window. The picture was rastered in black and white, softened in contrast and used as a background for the text. The overall appearance of the poster is meant to allude to the book covers of the original editions of Wittgenstein&#8217;s 1930-1932 and 1932-1935 lectures. We take this to be a tranformative and fair use of the original photograph. The poster served a non-commercial, purely educational and scientific purpose.<\/div>\n<p><!--:--><script>\/\/ <![CDATA[\n(function(i,s,o,g,r,a,m){i['GoogleAnalyticsObject']=r;i[r]=i[r]||function(){\n  (i[r].q=i[r].q||[]).push(arguments)},i[r].l=1*new Date();a=s.createElement(o),\n  m=s.getElementsByTagName(o)[0];a.async=1;a.src=g;m.parentNode.insertBefore(a,m)\n  })(window,document,'script','\/\/www.google-analytics.com\/analytics.js','ga');\n\n  ga('create', 'UA-59196427-1', 'auto');\n  ga('send', 'pageview');\n\/\/ ]]><\/script><\/p>\n","protected":false},"excerpt":{"rendered":"<p>Inhaltliche und redaktionelle Verantwortung lic. phil. Bernhard Ritter Institut f\u00fcr Philosophie Alpen-Adria-Universit\u00e4t Klagenfurt Universit\u00e4tsstra\u00dfe 65-67 A-9020 Klagenfurt. Aufsichtsbeh\u00f6rde der Universit\u00e4t Klagenfurt Bundesministerium f\u00fcr Bildung, Wissenschaft und Kultur (bm:wf). Anwendbare Vorschrift gem\u00e4\u00df ECG: Universit\u00e4tsgesetz 2002. Haftung S\u00e4mtliche Texte auf der Webseite &hellip; <a href=\"https:\/\/www.wittgenstein-lectures.aau.at\/?page_id=207\">Weiterlesen <span class=\"meta-nav\">&rarr;<\/span><\/a><\/p>\n","protected":false},"author":2,"featured_media":0,"parent":0,"menu_order":0,"comment_status":"closed","ping_status":"closed","template":"onecolumn-page.php","meta":{"footnotes":""},"class_list":["post-207","page","type-page","status-publish","hentry"],"_links":{"self":[{"href":"https:\/\/www.wittgenstein-lectures.aau.at\/index.php?rest_route=\/wp\/v2\/pages\/207","targetHints":{"allow":["GET"]}}],"collection":[{"href":"https:\/\/www.wittgenstein-lectures.aau.at\/index.php?rest_route=\/wp\/v2\/pages"}],"about":[{"href":"https:\/\/www.wittgenstein-lectures.aau.at\/index.php?rest_route=\/wp\/v2\/types\/page"}],"author":[{"embeddable":true,"href":"https:\/\/www.wittgenstein-lectures.aau.at\/index.php?rest_route=\/wp\/v2\/users\/2"}],"replies":[{"embeddable":true,"href":"https:\/\/www.wittgenstein-lectures.aau.at\/index.php?rest_route=%2Fwp%2Fv2%2Fcomments&post=207"}],"version-history":[{"count":34,"href":"https:\/\/www.wittgenstein-lectures.aau.at\/index.php?rest_route=\/wp\/v2\/pages\/207\/revisions"}],"predecessor-version":[{"id":708,"href":"https:\/\/www.wittgenstein-lectures.aau.at\/index.php?rest_route=\/wp\/v2\/pages\/207\/revisions\/708"}],"wp:attachment":[{"href":"https:\/\/www.wittgenstein-lectures.aau.at\/index.php?rest_route=%2Fwp%2Fv2%2Fmedia&parent=207"}],"curies":[{"name":"wp","href":"https:\/\/api.w.org\/{rel}","templated":true}]}}