{"id":316,"date":"2014-12-15T09:28:20","date_gmt":"2014-12-15T09:28:20","guid":{"rendered":"http:\/\/www.wittgenstein-lectures.aau.at\/?page_id=316"},"modified":"2016-10-13T16:35:06","modified_gmt":"2016-10-13T16:35:06","slug":"book-colloquium-on-wcl","status":"publish","type":"page","link":"https:\/\/www.wittgenstein-lectures.aau.at\/?page_id=316","title":{"rendered":"<!--:de-->Book Colloquium 2015<!--:--><!--:en-->Book Colloquium 2015<!--:-->"},"content":{"rendered":"<p><!--:de--><\/p>\n<h3>an der Alpen-Adria-Universit\u00e4t Klagenfurt<\/h3>\n<h3>zu Wittgensteins<em> Whewell&#8217;s Court Lectures, Cambridge 1938-1941<\/em><\/h3>\n<p style=\"text-align: justify;\"><a href=\"https:\/\/wittgenstein-lectures.aau.at\/wp-content\/uploads\/2015\/02\/WCL_Book_Colloquium1.gif\"><img loading=\"lazy\" decoding=\"async\" class=\"alignleft wp-image-474 size-thumbnail\" src=\"https:\/\/wittgenstein-lectures.aau.at\/wp-content\/uploads\/2015\/02\/WCL_Book_Colloquium1-120x150.gif\" alt=\"WCL_Book_Colloquium\" width=\"120\" height=\"150\" \/><\/a>Vom 30. M\u00e4rz bis 1. April 2015 findet an der AAU Klagenfurt ein Kolloquium zu Wittgensteins noch unpublizierten <em>Whewell&#8217;s Court Lectures, Cambridge 1938-1941<\/em> statt. Das Ziel des Kolloquiums soll einerseits die Kontextualisierung der <em>Whewell&#8217;s Court Lectures<\/em> innerhalb des <em>Nachlasses<\/em> und der publizierten Schriften sein, andererseits die Kl\u00e4rung ihrer Beziehungen zu den Autoren, die Wittgenstein bespricht. Diese Autoren sind insbesondere Bertrand Russell, G. E. Moore, Kurt G\u00f6del, William James, W. E. Johnson, David Hume, aber auch Yorick Smythies, der die Vorlesungen mitgeschrieben hat. Ein Kapitel der Vorlesungen besteht aus einer Antwort Wittgensteins auf einen Vortrag von Smythies (&#8222;Wittgenstein&#8217;s Reply to a Paper by Y. Smythies on &#8218;Understanding&#8216; &#8222;).<\/p>\n<h4>\u00a0<a href=\"https:\/\/wittgenstein-lectures.aau.at\/wp-content\/uploads\/2016\/03\/Wittgenstein_WCL_Inhaltsverzeichnis.pdf\">Wittgenstein_WCL_Inhaltsverzeichnis<\/a><\/h4>\n<h3><strong>Programm<\/strong><\/h3>\n<h3>Montag, 30. M\u00e4rz 2015<\/h3>\n<p>10:00 (s. t.) Begr\u00fc\u00dfung. Anschl. <strong>Volker A. Munz<\/strong>\u00a0(Klagenfurt), &#8222;Yorick Smythies and the <em>Whewell&#8217;s Court Lectures<\/em>: Foregrounds and Backgrounds&#8220;. 10:45 \u2013 11:30. <strong>Ilse Somavilla<\/strong>\u00a0(Innsbruck),\u00a0&#8222;Wittgenstein&#8217;s Approach Towards Ethical and Aesthetic Questions Both as a Man and a Philosopher as Reflected in Smythies&#8216; &#8218;Comments'&#8220;. 11:30\u00a0\u2013 12:00. Pause. 12:00 \u2013 12:45.\u00a0<strong>Josef Rothhaupt<\/strong>\u00a0(M\u00fcnchen), &#8222;Fly, Fly-Catcher, Fly-Glass; But not Fly-Bottle: Wittgenstein&#8217;s <em>Whewell&#8217;s Court Lectures<\/em> in the Context of his <em>Gesamtnachlass<\/em>&#8222;.<\/p>\n<h4>12:45 \u2013 14:30. Mittagspause.<\/h4>\n<p>14:30 \u2013 15:15.\u00a0<strong>Juliet Floyd <\/strong>(Boston MA), &#8222;Wittgenstein&#8217;s <em>Whewell&#8217;s Court Lectures<\/em> on G\u00f6del&#8220;. 15:15 \u2013 16:00.\u00a0<strong>Felix M\u00fchlh\u00f6lzer <\/strong>(G\u00f6ttingen),<strong>\u00a0<\/strong>&#8222;Wittgenstein&#8217;s <em>Whewell&#8217;s Court Lectures<\/em> on G\u00f6del: What is New in Them?&#8220;. 16:00 \u2013 16:30. Pause. 16:30 \u2013 17:15.\u00a0<strong>Severin J. Schroeder<\/strong> (Reading), &#8222;Voluntary Action&#8220;. 17:15 \u2013 18:00.\u00a0<strong>Lars Hertzberg<\/strong> (Abo\/Turku), &#8222;The Lectures on Freedom of the Will&#8220;.<\/p>\n<h3>Dienstag,\u00a031. M\u00e4rz 2015<\/h3>\n<p>10:00 s. t. \u2013 10:45.\u00a0<strong>Wolfgang Kienzler<\/strong> (Jena), &#8222;Wittgenstein and Hume on Belief \u2013 &#8218;If we get clearer why Hume said this, we&#8217;ll get clearer about what our problem is&#8216; &#8222;. 10:45 \u2013 11:30.\u00a0<strong>David G. Stern<\/strong> (Iowa City IA), &#8222;Wittgenstein&#8217;s Use of Imaginary Examples in the Lectures on Belief&#8220;. 11:30\u00a0\u2013 12:00. Pause. 12:00 \u2013 12:45.\u00a0<strong>Joachim Schulte<\/strong> (Z\u00fcrich), &#8222;Topics from the Lectures on Description&#8220;.<\/p>\n<h4>12:45 \u2013 14:30. Mittagspause.<\/h4>\n<p>14:30 \u2013 15:15.\u00a0<strong>Gabriele Mras<\/strong> (Wien), &#8222;&#8218;Absolutely determinate&#8216; \u2013 Wittgenstein and W. E. Johnson on Distinctions and Similarities&#8220;. 15:15\u201316:00.\u00a0<strong>Bernhard Ritter<\/strong> (Klagenfurt), &#8222;On an Undatable Set of Notes About Meaning, Colour and Similarity&#8220;. 16:00 \u2013 16:30. Pause. 16:30 \u2013 17:15.\u00a0<strong>James Klagge<\/strong>\u00a0(Blacksburg VA), &#8222;The Thought Experiment about Seeds&#8220;.<\/p>\n<h3>Mittwoch, 1. April\u00a02015<\/h3>\n<p>10:00 (s. t.) \u2013 10:45.\u00a0<strong>Alois Pichler<\/strong>\u00a0(Bergen), &#8222;The Exact, the Amorphous and the Human&#8220;. 10:45 \u2013 11:30.\u00a0<strong>Ray Monk<\/strong>\u00a0(Southampton),\u00a0&#8222;Wittgenstein, Tagore and the King of the Dark Chamber&#8220;. 11:30 \u2013 12:00. Pause. 12:00 \u2013 12:45.\u00a0<strong>Round Table<\/strong>,\u00a0&#8222;What is the Significance of Wittgenstein&#8217;s <em>Whewell&#8217;s Court Lectures<\/em>?&#8220;. <a href=\"https:\/\/wittgenstein-lectures.aau.at\/wp-content\/uploads\/2015\/03\/Ausdruckbares_Programm.pdf\">Ausdruckbares_Programm<\/a><\/p>\n<h4 style=\"text-align: justify;\">Wir bitten um Verst\u00e4ndnis daf\u00fcr, dass der unpublizierte Text der\u00a0Edition den Besuchern des Kolloquiums nicht vollumf\u00e4nglich\u00a0zug\u00e4nglich gemacht werden kann.\u00a0Die Vortragenden\u00a0werden jedoch\u00a0daraus zitieren und die verwendeten Zitate\u00a0den Besuchern austeilen oder an die Wand\u00a0projizieren.<\/h4>\n<h4 style=\"text-align: justify;\">Die Veranstaltung wird durch den\u00a0Fonds zur F\u00f6rderung der wissenschaftlichen Forschung (FWF), die \u00d6sterreichische Ludwig Wittgenstein Gesellschaft (\u00d6LWG), die AAU Klagenfurt und das Institut f\u00fcr Philosophie erm\u00f6glicht.<\/h4>\n<h4 style=\"text-align: justify;\">Externen Besuchern der Veranstaltung seien die folgenden Unterk\u00fcnfte in Universit\u00e4tsn\u00e4he empfohlen (von preiswert bis gehoben):<\/h4>\n<p><a href=\"http:\/\/wwwg.uni-klu.ac.at\/math-or\/LLseminar\/Jugendgaestehaus.pdf\">Jugendg\u00e4stehaus Klagenfurt<\/a> <a href=\"http:\/\/www.pension-wachau.at\/\">Pension Wachau<\/a> <a href=\"http:\/\/www.plattenwirt.at\/\">Plattenwirt<\/a> <a href=\"http:\/\/www.seeparkhotel.at\/hotel.html\">Seeparkhotel Lindner<\/a><\/p>\n<h4 style=\"text-align: justify;\">Der Veranstaltungsort ist Raum Z.1.09 im Zentralgeb\u00e4ude der Alpen-Adria-Universit\u00e4t Klagenfurt, Universit\u00e4tsstra\u00dfe 65-67, 9020 Klagenfurt.<\/h4>\n<p><iframe loading=\"lazy\" style=\"border: 1px solid black;\" src=\"http:\/\/www.openstreetmap.org\/export\/embed.html?bbox=14.262635707855225%2C46.614588870660455%2C14.266197681427%2C46.61756981776255&amp;layer=mapnik&amp;marker=46.61607752235818%2C14.264416694641113\" width=\"425\" height=\"350\" frameborder=\"0\" marginwidth=\"0\" marginheight=\"0\" scrolling=\"no\"><\/iframe> <small><a href=\"http:\/\/www.openstreetmap.org\/?mlat=46.61608&amp;mlon=14.26442#map=18\/46.61608\/14.26442\">Gr\u00f6\u00dfere Karte anzeigen<\/a><\/small><\/p>\n<p><!--:--><!--:en--><\/p>\n<h3>at the University of Klagenfurt<\/h3>\n<h3>on Wittgenstein&#8217;s<em> Whewell&#8217;s Court Lectures, Cambridge 1938-1941<\/em><\/h3>\n<p style=\"text-align: justify;\"><a href=\"https:\/\/wittgenstein-lectures.aau.at\/wp-content\/uploads\/2015\/02\/WCL_Book_Colloquium1.gif\"><img loading=\"lazy\" decoding=\"async\" class=\"alignleft wp-image-474 size-thumbnail\" src=\"https:\/\/wittgenstein-lectures.aau.at\/wp-content\/uploads\/2015\/02\/WCL_Book_Colloquium1-120x150.gif\" alt=\"WCL_Book_Colloquium\" width=\"120\" height=\"150\" \/><\/a>A book colloquium on Wittgenstein&#8217;s<em> Whe<\/em><em>well&#8217;s Court Lectures, Cambridge 1938\u20131941<\/em> will take place from 30 March to 1 April at the AAU Klagenfurt, Austria. The edition of these unpublished lectures is based on notes taken by Yorick Smythies (1917-1980), who served as a major source for earlier publications of Wittgenstein&#8217;s lectures. The aim of the book colloquium is, on the one hand, to contextualise the\u00a0<em>Whewell&#8217;s Court Lectures<\/em> within Wittgenstein&#8217;s Nachlass and published writings, and on the other hand, to clarify their relationship to the authors discussed in the lectures, including Bertrand Russell, G. E. Moore, Kurt G\u00f6del, William James, W. E. Johnson, David Hume, but also Yorick Smythies, the note-taker (see &#8222;Wittgenstein&#8217;s Reply to a Paper by Y. Smythies on &#8218;Understanding'&#8220;).<\/p>\n<h4><a href=\"https:\/\/wittgenstein-lectures.aau.at\/wp-content\/uploads\/2016\/03\/Wittgenstein_WCL_Contents.pdf\">Wittgenstein_WCL_Contents<\/a><\/h4>\n<h3><strong>Programme<\/strong><\/h3>\n<h3>Monday, 30 March 2015<\/h3>\n<p>10:00. Welcome Address. Foll.\u00a0<strong>Volker A. Munz<\/strong>\u00a0(Klagenfurt),\u00a0&#8222;Yorick Smythies and the <em>Whewell&#8217;s Court Lectures<\/em>: Foregrounds and Backgrounds&#8220;. 10:45 \u2013 11:30.\u00a0<strong>Ilse Somavilla<\/strong>\u00a0(Innsbruck),\u00a0&#8222;Wittgenstein&#8217;s Approach Towards Ethical and Aesthetic Questions Both as a Man and a Philosopher as Reflected in Smythies&#8216; &#8218;Comments'&#8220;. 11:30\u00a0\u2013 12:00. Coffee break. 12:00 \u2013 12:45.\u00a0<strong>Josef Rothhaupt<\/strong>\u00a0(Munich), &#8222;Fly, Fly-Catcher, Fly-Glass; But not Fly-Bottle: Wittgenstein&#8217;s <em>Whewell&#8217;s Court Lectures<\/em> in the Context of his <em>Gesamtnachlass<\/em>&#8222;.<\/p>\n<h4>12:45 \u2013 14:30. Lunch break.<\/h4>\n<p>14:30 \u2013 15:15.\u00a0<strong>Juliet Floyd <\/strong>(Boston MA), &#8222;Wittgenstein&#8217;s <em>Whewell&#8217;s Court Lectures<\/em> on G\u00f6del&#8220;. 15:15 \u2013 16:00.\u00a0<strong>Felix M\u00fchlh\u00f6lzer <\/strong>(G\u00f6ttingen),<strong>\u00a0<\/strong>&#8222;Wittgenstein&#8217;s <em>Whewell&#8217;s Court Lectures<\/em> on G\u00f6del: What is New in Them?&#8220;. 16:00 \u2013 16:30. Coffee break. 16:30 \u2013 17:15.\u00a0<strong>Severin J. Schroeder<\/strong> (Reading), &#8222;Voluntary Action&#8220;. 17:15 \u2013 18:00.\u00a0<strong>Lars Hertzberg<\/strong> (Abo\/Turku), &#8222;The Lectures on Freedom of the Will&#8220;.<\/p>\n<h3>Tuesday,\u00a031 March 2015<\/h3>\n<p>10:00 \u2013 10:45.\u00a0<strong>Wolfgang Kienzler<\/strong> (Jena), &#8222;Wittgenstein and Hume on Belief \u2013 &#8218;If we get clearer why Hume said this, we&#8217;ll get clearer about what our problem is&#8216; &#8222;. 10:45 \u2013 11:30.\u00a0<strong>David G. Stern<\/strong> (Iowa City IA), &#8222;Wittgenstein&#8217;s Use of Imaginary Examples in the Lectures on Belief&#8220;. 11:30\u00a0\u2013 12:00. Coffee break. 12:00 \u2013 12:45.\u00a0<strong>Joachim Schulte<\/strong> (Zurich), &#8222;Topics from the Lectures on Description&#8220;.<\/p>\n<h4>12.45 \u2013 14.30:\u00a0Lunch break.<\/h4>\n<p>14:30 \u2013 15:15.\u00a0<strong>Gabriele Mras<\/strong> (Vienna), &#8222;&#8218;Absolutely determinate&#8216; \u2013 Wittgenstein and W. E. Johnson on Distinctions and Similarities&#8220;. 15:15 \u2013 16:00.\u00a0<strong>Bernhard Ritter<\/strong> (Klagenfurt), &#8222;On an Undatable Set of Notes About Meaning, Colour and Similarity&#8220;. 16:00 \u2013 16:30. Coffee break. 16:30 \u2013 17:15.\u00a0<strong>James Klagge<\/strong>\u00a0(Blacksburg VA), &#8222;The Thought Experiment about Seeds&#8220;.<\/p>\n<h3>Wednesday, 1 April\u00a02015<\/h3>\n<p>10:00 \u2013 10:45.\u00a0<strong>Alois Pichler<\/strong>\u00a0(Bergen), &#8222;The Exact, the Amorphous and the Human&#8220;. 10:45 \u2013 11:30.\u00a0<strong>Ray Monk<\/strong>\u00a0(Southampton),\u00a0&#8222;Wittgenstein, Tagore and the King of the Dark Chamber&#8220;. 11:30 \u2013 12:00. Coffee break. 12:00 \u2013 12:45.\u00a0<strong>Round table<\/strong>,\u00a0&#8222;What is the Significance of Wittgenstein&#8217;s <em>Whewell&#8217;s Court Lectures<\/em>?&#8220;. <a href=\"https:\/\/wittgenstein-lectures.aau.at\/wp-content\/uploads\/2015\/03\/Printable_Programme.pdf\">Printable_Programme<\/a><\/p>\n<h4 style=\"text-align: justify;\">Please understand that we cannot distribute the unpublished full text of the\u00a0edition\u00a0to\u00a0the visitors of the book colloquium. However, the speakers will give\u00a0self-sustained talks\u00a0and either provide slides or handouts with quotations\u00a0from the\u00a0<em>Whewell&#8217;s Court Lectures.<\/em><\/h4>\n<h4 style=\"text-align: justify;\">Funding for the conference comes from the Austrian Science Fund (FWF), the Austrian Ludwig Wittgenstein Society (ALWS), the AAU Klagenfurt and the Institute of Philosophy.<\/h4>\n<h4 style=\"text-align: justify;\">We recommend the following nearby accommodations to visitors of the Book Colloquium (from low-priced to four-star lodgings):<\/h4>\n<p><a href=\"http:\/\/wwwg.uni-klu.ac.at\/math-or\/LLseminar\/Jugendgaestehaus.pdf\">Jugendg\u00e4stehaus Klagenfurt<\/a> <a href=\"http:\/\/www.pension-wachau.at\/\">Pension Wachau<\/a> <a href=\"http:\/\/www.plattenwirt.at\/\">Plattenwirt<\/a> <a href=\"http:\/\/www.seeparkhotel.at\/hotel.html\">Seeparkhotel Lindner<\/a><\/p>\n<h4 style=\"text-align: justify;\">The venue is room Z.1.09 in the main building of the University of Klagenfurt, Universit\u00e4tsstra\u00dfe 65-67, 9020 Klagenfurt, Austria.<\/h4>\n<p><iframe loading=\"lazy\" style=\"border: 1px solid black;\" src=\"http:\/\/www.openstreetmap.org\/export\/embed.html?bbox=14.262635707855225%2C46.614588870660455%2C14.266197681427%2C46.61756981776255&amp;layer=mapnik&amp;marker=46.61607752235818%2C14.264416694641113\" width=\"425\" height=\"350\" frameborder=\"0\" marginwidth=\"0\" marginheight=\"0\" scrolling=\"no\"><\/iframe> <small><a href=\"http:\/\/www.openstreetmap.org\/?mlat=46.61608&amp;mlon=14.26442#map=18\/46.61608\/14.26442\">Show bigger map<\/a><\/small><\/p>\n<p><!--:--><script>\/\/ <![CDATA[ (function(i,s,o,g,r,a,m){i['GoogleAnalyticsObject']=r;i[r]=i[r]||function(){ (i[r].q=i[r].q||[]).push(arguments)},i[r].l=1*new Date();a=s.createElement(o), m=s.getElementsByTagName(o)[0];a.async=1;a.src=g;m.parentNode.insertBefore(a,m) })(window,document,'script','\/\/www.google-analytics.com\/analytics.js','ga'); ga('create', 'UA-59196427-1', 'auto'); ga('send', 'pageview'); \/\/ ]]><\/script><\/p>\n","protected":false},"excerpt":{"rendered":"<p>an der Alpen-Adria-Universit\u00e4t Klagenfurt zu Wittgensteins Whewell&#8217;s Court Lectures, Cambridge 1938-1941 Vom 30. M\u00e4rz bis 1. April 2015 findet an der AAU Klagenfurt ein Kolloquium zu Wittgensteins noch unpublizierten Whewell&#8217;s Court Lectures, Cambridge 1938-1941 statt. Das Ziel des Kolloquiums soll &hellip; <a href=\"https:\/\/www.wittgenstein-lectures.aau.at\/?page_id=316\">Weiterlesen <span class=\"meta-nav\">&rarr;<\/span><\/a><\/p>\n","protected":false},"author":2,"featured_media":0,"parent":0,"menu_order":0,"comment_status":"closed","ping_status":"closed","template":"","meta":{"footnotes":""},"class_list":["post-316","page","type-page","status-publish","hentry"],"_links":{"self":[{"href":"https:\/\/www.wittgenstein-lectures.aau.at\/index.php?rest_route=\/wp\/v2\/pages\/316","targetHints":{"allow":["GET"]}}],"collection":[{"href":"https:\/\/www.wittgenstein-lectures.aau.at\/index.php?rest_route=\/wp\/v2\/pages"}],"about":[{"href":"https:\/\/www.wittgenstein-lectures.aau.at\/index.php?rest_route=\/wp\/v2\/types\/page"}],"author":[{"embeddable":true,"href":"https:\/\/www.wittgenstein-lectures.aau.at\/index.php?rest_route=\/wp\/v2\/users\/2"}],"replies":[{"embeddable":true,"href":"https:\/\/www.wittgenstein-lectures.aau.at\/index.php?rest_route=%2Fwp%2Fv2%2Fcomments&post=316"}],"version-history":[{"count":172,"href":"https:\/\/www.wittgenstein-lectures.aau.at\/index.php?rest_route=\/wp\/v2\/pages\/316\/revisions"}],"predecessor-version":[{"id":723,"href":"https:\/\/www.wittgenstein-lectures.aau.at\/index.php?rest_route=\/wp\/v2\/pages\/316\/revisions\/723"}],"wp:attachment":[{"href":"https:\/\/www.wittgenstein-lectures.aau.at\/index.php?rest_route=%2Fwp%2Fv2%2Fmedia&parent=316"}],"curies":[{"name":"wp","href":"https:\/\/api.w.org\/{rel}","templated":true}]}}