{"id":470,"date":"2015-04-08T15:01:39","date_gmt":"2015-04-08T15:01:39","guid":{"rendered":"http:\/\/www.wittgenstein-lectures.aau.at\/?page_id=470"},"modified":"2016-03-21T17:36:50","modified_gmt":"2016-03-21T17:36:50","slug":"yorick-smythies-1917-1980","status":"publish","type":"page","link":"https:\/\/www.wittgenstein-lectures.aau.at\/?page_id=470","title":{"rendered":"<!--:de-->Yorick Smythies (1917\u20131980)<!--:--><!--:en-->Yorick Smythies (1917\u20131980)<!--:-->"},"content":{"rendered":"<p><!--:de--><\/p>\n<div id=\"attachment_608\" style=\"width: 650px\" class=\"wp-caption aligncenter\"><a href=\"https:\/\/wittgenstein-lectures.aau.at\/wp-content\/uploads\/2015\/04\/Yorick_Smythies_approx1967.jpg\"><img loading=\"lazy\" decoding=\"async\" aria-describedby=\"caption-attachment-608\" class=\"wp-image-608 size-large\" src=\"https:\/\/wittgenstein-lectures.aau.at\/wp-content\/uploads\/2015\/04\/Yorick_Smythies_approx1967-1024x648.jpg\" alt=\"Yorick Smythies (1917\u20131980) Do not reproduce without permission Reproduktion nur mit Erlaubnis\" width=\"640\" height=\"405\" srcset=\"https:\/\/www.wittgenstein-lectures.aau.at\/wp-content\/uploads\/2015\/04\/Yorick_Smythies_approx1967-1024x648.jpg 1024w, https:\/\/www.wittgenstein-lectures.aau.at\/wp-content\/uploads\/2015\/04\/Yorick_Smythies_approx1967-300x190.jpg 300w\" sizes=\"auto, (max-width: 640px) 100vw, 640px\" \/><\/a><p id=\"caption-attachment-608\" class=\"wp-caption-text\">Yorick Smythies (approx. 1967)<br \/> Do not reproduce without permission <br \/> Reproduktion nur mit Erlaubnis<\/p><\/div>\n<p style=\"text-align: justify;\">Yorick Smythies wurde am 21. Februar 1917 in Shanklin, Isle of Wight, geboren. Eine Anekdote \u00fcber den jungen Yorick besagt, er habe im Alter von f\u00fcnf Jahren ein Schild an seiner T\u00fcr befestigt, auf dem stand: &#8222;Nicht st\u00f6ren, lese Plotin.&#8220; (vgl. Conradi 2001a: 4) Die urspr\u00fcngliche Quelle dieser Anekdote ist uns unbekannt. Peter. S. Conradi legt nahe, dass sie auf Iris Murdoch (1919\u20131999) zur\u00fcckgeht. Die Begebenheit wird in seiner Biographie etwas anders erz\u00e4hlt (vgl. Conradi 2001b: 381). Smythies studierte sp\u00e4ter im Moral Science Tripos von Oktober 1935 bis Juni 1939 am Kings College der Universit\u00e4t Cambridge. Er began Wittgensteins Vorlesungen im akademischen Jahr 1935\/36 im Alter von nur 18 Jahren zu besuchen, wurde\u00a0aber nicht vor 1938 mit ihm bekannt (vgl. Bouwsma 1986: 66). 1935\/36 machte Smythies keine besonders ausf\u00fchrlichen Mitschriften, was sich 1938 \u00e4nderte, als Wittgenstein seine Vorlesungst\u00e4tigkeit nach einer eineinhalbj\u00e4hrigen Pause wieder aufnahm. Smythies verlies Cambridge ein Jahr nach seinem Abschluss im Juni 1940. Als Kriegsdienstverweigerer aus Gewissensgr\u00fcnden erhielt er im M\u00e4rz 1940 eine unbedingte Freistellung vom Milit\u00e4rdienst (WC: 320, Wittgenstein an N. Malcolm, 26. M\u00e4rz 1940). Im November 1940 und Januar 1941 kehrte er zeitweise nach Cambridge zur\u00fcck, aus welcher Zeit weitere Vorlesungsmitschriften erhalten sind.<\/p>\n<p style=\"text-align: justify;\">Aus einem Bewerbungsformular, das er 1967 ausgef\u00fcllt hat, wissen wir, dass er von 1942 bis 1945 als lokaler Befrager (&#8222;local investigator&#8220;) f\u00fcr den<em> Social Reconstruction Survey<\/em> des Nuffield College in Oxford t\u00e4tig war.\u00a0Dieser wurde ins Leben gerufen, um die \u00f6konomischen Aussichten der Regionen des Landes im Hinblick auf die negativen Effekte des Krieges zu untersuchen. 1944 gab Smythies eine Lehrveranstaltung zu George Berkeley an der Universit\u00e4t Oxford. Im selben Jahr trat er zum Katholizismus \u00fcber. Wittgenstein f\u00fchlte sich f\u00fcr diesen Schritt mitverantwortlich, wie er sagte, weil er Smythies dazu angeregt hatte, Kierkegaard zu lesen (vgl. Monk 1990: 463f., WC: 363). Smythies kehrte im Mai 1945 oder etwas fr\u00fcher nach Cambridge zur\u00fcck, wo er f\u00fcr die Bibliothek der Cambridge Philosophical Society arbeitete, heute Teil der Bibliothek der Universit\u00e4t Cambridge. Obwohl berichtet wird, er habe Vorlesungen dieser letzten Periode von Wittgensteins Lehrt\u00e4tigkeit besucht, scheint er nur wenige oder gar keine Mitschriften mehr verfasst zu haben. Er fasste\u00a0seine Vorlesungsmitschriften, zum gro\u00dfen Teil aus dem Zeitraum 1938 bis 1940, unter dem Namen\u00a0<em>Whewell&#8217;s Court Lectures<\/em>\u00a0zusammen, benannt nach den \u00d6rtlichkeiten, wo die Vorlesungen stattfanden, in R\u00e4umen des\u00a0Whewell&#8217;s Court, Trinity College in Cambridge. Er blieb in Cambridge bis Wittgenstein seinen Lehrstuhl im Sommer 1947 aufgab, was dessen\u00a0Vorlesungen ein Ende setzte.<\/p>\n<p style=\"text-align: justify;\">Im selben Jahr zog Smythies zur\u00fcck nach Oxford, wo er weiterhin als Universit\u00e4tsbibliothekar arbeitete und sich mit der Philosophin und Schriftstellerin Iris Murdoch befreundete. Murdoch portr\u00e4tiert ihn in ihrer Figur des Hugo Belfounder in ihrem sehr erfolgreichen Romanerstling <em>Under the Net<\/em> von 1954 (vgl. Conradi 2001: 4). Smythies erhielt ein Exemplar von Iris Murdoch mit einer Widmung an ihn und seine erste Frau. Das Exemplar wurde Ende Mai\u00a02014 von einem Londoner Antiquar f\u00fcr 7800 Dollar verkauft. Smythies\u00a0schrieb selber viel, sowohl Philosophisches als auch Dichterisches, publizierte zu Lebzeiten aber nur Mitschriften von Vorlesungen Wittgensteins und eine Buchbesprechung von Russells <em>History of Western Philosophy<\/em> publiziert in &#8222;The Changing World&#8220; (Smythies 1947). In\u00a0Letzterer macht\u00a0er wirkungsvollen Gebrauch von Fragen und Zitaten, um den Mangel an\u00a0Kl\u00e4rung zu veranschaulichen, die Russell \u00fcber sein Thema gibt. Smythies&#8216; Hauptanliegen geht \u00fcber den Zweck einer Buchbesprechung hinaus, n\u00e4mlich die Kritik einer Tendenz in der Philosophie, in die Gewohnheit zu verfallen, die eigene Diskussion im Grunde nicht ernst zu nehmen (vgl. Smythies 1947: 81). (Der Text kann von dieser Seite heruntergeladen werden.) Wittgenstein las die Buchbesprechung und kommentierte sie in einem Brief an Smythies vom 27. Juli 1947: &#8222;Ich habe ein Exemplar von &#8218;Changing World&#8216; bekommen und deine Buchbesprechung gelesen; sie ist, glaube ich, nicht schlecht.&#8220; [&#8222;I got a copy of &#8218;Changing World&#8216; and have read your review and it isn&#8217;t bad, I think.&#8220;] (WC: 413) Smythies arbeitete w\u00e4hrend Jahren daran, seine zuweilen kaum lesbaren Mitschriften f\u00fcr die Publikation vorzubereiten: Er schrieb sie ins Reine, ordnete sie und tippte sie ab, oder sprach sie auf Band, um sie tippen zu lassen. Mitschriften von Smythies wurden in Wittgensteins <em>Lectures and Conversations on Aesthetics, Psychology and Religious Belief<\/em> aufgenommen (publiziert 1966) sowie in die <em>Lectures on the Foundations of Mathematics<\/em> (publiziert 1978). Seine Versuche der zweiten H\u00e4lfte der 1970er, die <em>Whewell&#8217;s Court Lectures<\/em> zu publizieren, zuerst bei Blackwell und dann bei Oxford University Press, scheiterten aber\u00a0vor allem\u00a0an seiner Kompromisslosigkeit.<\/p>\n<p style=\"text-align: justify;\">In den letzten Jahren seines Lebens, litt Smythies an einem Lungenemphysem, dem er 1980 erlag, ohne noch etwas von seinen Vorlesungsmitschriften oder seinen eigenen Schriften zu publizieren. Er hatte die &#8222;Lectures on Freedom of the Will&#8220; und zwei Vorlesungen aus den <em>Volition Lectures<\/em> f\u00fcr die Publikation in C. Grant Luckhardts <em>Wittgenstein: Sources and Perspectives<\/em> vorbereitet. Doch der Band erschien 1978 ohne diese Beitr\u00e4ge. Wittgensteins &#8222;Lectures on Freedom of the Will&#8220; wurden erst 1989 von seiner zweiten Frau Peg und Rush Rhees (1905\u20131989) publiziert, den sie nach Smythies Tod heiratete. Ein erstes Inventar jener Teile von Smythies&#8216; Nachlass, die sich auf Wittgensteins Vorlesungen beziehen, wurde 1998 von Volker A. Munz erstellt. Die Originale der Notizb\u00fccher wurden 2001 ohne die Rechte an die Universit\u00e4t Kagoshima in Japan verkauft. Bis jetzt gibt es kein Inventar von Smythies&#8216; eigenen Schriften. Sein Nachlass wird an der Universit\u00e4t Klagenfurt aufbewahrt, dem der Rest von Smythies&#8216; Schriften nach dem Tode Pegs 2014 hinzugef\u00fcgt wurde. Diese umfassen insbesondere ein vierteiliges Werk mit dem Titel &#8222;And And And And&#8220;, bestehend aus: 1) &#8222;Non-Repetition&#8220; (der philosophische, fragmentarisch gebliebene Teil), 2) &#8222;Offices&#8220; (Gedichte), 3) &#8222;Beings&#8220; (Gedichte) und 4) &#8222;Hubert of Calverley&#8220; (Schauspiel).<\/p>\n<p style=\"text-align: right;\">Volker A. Munz und Bernhard Ritter<\/p>\n<h3>Literatur<\/h3>\n<h5 style=\"text-align: left;\">Bouwsma, O. K.: <em>Wittgenstein: Conversations 1949\u20131951<\/em>. Hackett Publishing, Indianapolis, 1986<\/h5>\n<h5 style=\"text-align: left;\">Conradi, Peter J: &#8222;Did Iris Murdoch Draw From Life?&#8220; In <em>Iris Murdoch Newsletter<\/em>, 15, 2001, 4\u20137.<\/h5>\n<h5 style=\"text-align: left;\">Conradi, Peter J: <em>Iris Murdoch: A Life<\/em>. W. W. Norton, New York, 2001.<\/h5>\n<h5 style=\"text-align: left;\">Luckhardt, C. Grant. <em>Wittgenstein: Sources and Perspectives<\/em>. Cornell University Press, New York, 1978.<\/h5>\n<h5 style=\"text-align: justify;\">McGuinness, Brian (Hg.): <em>Wittgenstein in Cambridge: Letters and Documents 1911\u20131951<\/em>. Wiley-Blackwell, Malden (MA), etc., 2008 [= WC].<\/h5>\n<h5 style=\"text-align: left;\">Monk, Ray: <em>Wittgenstein: The Duty of Genius<\/em>. 1991, Penguin Books (1990, Jonathan Cape), New York, etc.<\/h5>\n<h5 style=\"text-align: justify;\">Smythies, Yorick: &#8222;<em>History of Western Philosophy<\/em> by Bertrand Russell&#8220; in <em>The Changing World: Quarterly Review<\/em>, 1947, No. 1, 72\u201381 [<a href=\"https:\/\/wittgenstein-lectures.aau.at\/wp-content\/uploads\/2015\/04\/Smythies_Review_Russell_1947.pdf\">Smythies_Review_Russell_1947<\/a>].<\/h5>\n<h5 style=\"text-align: justify;\">Wittgenstein, Ludwig: <em>Lectures and Conversations on Aesthetics, Psychology and Religious Belief<\/em> Blackwell, London, 1983 (1966).<\/h5>\n<h5 style=\"text-align: justify;\">Wittgenstein, Ludwig: <em>Lectures on the Foundations of Mathematics<\/em>. Diamond, Cora (Hg.). Harvester Press, Hassocks, 1976.<\/h5>\n<h5 style=\"text-align: justify;\">Wittgenstein, Ludwig: &#8222;Lectures on Freedom of the Will.&#8220; In: <em>Philosophical Investigations<\/em>, Vol. 12, No. 2, 1989, 85\u2013100. Reprinted in <em>Philosophical Occasions 1912\u20131951<\/em>. Klagge, James C.; Nordmann, Alfred (Hg.). Hackett Publishing, Indianapolis, Cambridge, 1993, 429\u2013444.<\/h5>\n<p><!--:--><!--:en--><\/p>\n<div id=\"attachment_608\" style=\"width: 650px\" class=\"wp-caption aligncenter\"><a href=\"https:\/\/wittgenstein-lectures.aau.at\/wp-content\/uploads\/2015\/04\/Yorick_Smythies_approx1967.jpg\"><img loading=\"lazy\" decoding=\"async\" aria-describedby=\"caption-attachment-608\" class=\"wp-image-608 size-large\" src=\"https:\/\/wittgenstein-lectures.aau.at\/wp-content\/uploads\/2015\/04\/Yorick_Smythies_approx1967-1024x648.jpg\" alt=\"Yorick Smythies (1917\u20131980) Do not reproduce without permission Reproduktion nur mit Erlaubnis\" width=\"640\" height=\"405\" srcset=\"https:\/\/www.wittgenstein-lectures.aau.at\/wp-content\/uploads\/2015\/04\/Yorick_Smythies_approx1967-1024x648.jpg 1024w, https:\/\/www.wittgenstein-lectures.aau.at\/wp-content\/uploads\/2015\/04\/Yorick_Smythies_approx1967-300x190.jpg 300w\" sizes=\"auto, (max-width: 640px) 100vw, 640px\" \/><\/a><p id=\"caption-attachment-608\" class=\"wp-caption-text\">Yorick Smythies (approx. 1967)<br \/> Do not reproduce without permission<br \/> Reproduktion nur mit Erlaubnis<\/p><\/div>\n<p style=\"text-align: justify;\">Yorick Smythies was born on 21 February 1917 in Shanklin on the Isle of Wight. An anecdote of young Yorick has it that he put a sign on his door at the age of five: &#8222;Do not disturb: reading Plotinus.&#8220; (Conradi 2001a: 4) The original source of this anecdote is unknown to us. Peter S. Conradi implies that it was Iris Murdoch (1919\u20131999). The anecdote is told somewhat differently in his biography of her (cf. Conradi 2001b: 381). Smythies later was a student on the Moral Science Tripos from October 1935 to June 1939 at Kings College, University of Cambridge. He began attending Wittgenstein&#8217;s lectures in the academic year 1935\/36 at the age of only 18, but made Wittgenstein&#8217;s acquaintance not before 1938 through James C. Taylor (1914\u20131946) (cf. Bouwsma 1986: 66). Smythies made only sketchy notes in 1935\/36. He began to take fuller notes in 1938, when Wittgenstein resumed lecturing after an absence of one and a half year. Smythies left Cambridge a year after graduating in June 1940. As a conscientious objector, he got unconditional exemption from military service (WC: 320, Wittgenstein to N. Malcolm, 26 March 1940). He returned temporarily to Cambridge in November 1940 and January 1941, and again took notes at Wittgenstein&#8217;s lectures.<\/p>\n<p style=\"text-align: justify;\">From a job application form that he filled in in 1967, we know that he worked from 1942 until 1945 as a local investigator for the Nuffield College Social Reconstruction Survey in Oxford, which was set up to inquire into the economic prospects of regions across the country in view of the negative effects of the ongoing war. In 1944, Smythies taught a course at the University of Oxford on the philosophy of George Berkeley. In the same year, he converted to catholicism. Wittgenstein felt partly responsible for this step, as he said, because he had encouraged Smythies to read Kierkegaard (cf. Monk 1990: 463f., WC: 363). Smythies returned to Cambridge in May 1945 or earlier, where he worked for the library of the Cambridge Philosophical Society, now part of the Cambridge University Library. Although he is reported to have attended lectures in the last period of Wittgenstein&#8217;s professorship, he seems to have made little or no notes during this time. He referred to his notes, mostly from the period of 1938 to 1940, as the <em>Whewell&#8217;s Court Lectures<\/em>, named after the location, Whewell&#8217;s Court at Trinity College, where the lectures took place. He stayed until Wittgenstein resigned his professorship in summer 1947, which put an end to Wittgenstein&#8217;s lecture courses.<\/p>\n<p style=\"text-align: justify;\">In the same year, Smythies moved back to Oxford, where he worked as a university librarian and became a friend of philosopher and writer Iris Murdoch. Murdoch portrayed him in the character of Hugo Belfounder in her first, highly acclaimed, novel <em>Under the Net<\/em> of 1954 (cf. Conradi 2001: 4). Smythies received a copy with her dedication to him and his first wife, which an antiquarian from London sold for 7800 USD in 2014. Smythies wrote extensively himself, both philosophy and poetry, but published only notes from Wittgenstein&#8217;s lectures and a review of Russell&#8217;s <em>History of Western Philosophy<\/em> during his lifetime (cf. Smythies 1947). In this review, he makes a very effective use of quotations and questions in order to exhibit the lack of genuine elucidation in what Russell says about the subject. Smythies&#8216; main point goes beyond the purpose of a book review, namely, that there is a tendency in philosophy, on the side of writers as well as readers, of becoming accustomed to not taking one&#8217;s discussion seriously (cf. Smythies 1947: 81). Wittgenstein read the review and commented on it in a letter to Smythies of 27 July 1947: &#8222;I got a copy of &#8218;Changing World&#8216; and have read your review and it isn&#8217;t bad, I think.&#8220; (WC: 413) (The review can be downloaded from this site.) Smythies worked for years to prepare his often barely readable lecture notes for publication: rewriting them, re-organising them and typing them, or recording them in order to have them typed. Notes by Smythies were incorporated in Wittgenstein&#8217;s <em>Lectures and Conversations on Aesthetics, Psychology and Religious Belief<\/em> (published in 1966) and the <em>Lectures on the Foundations of Mathematics<\/em> (published in 1978). But his attempts to publish the <em>Whewell&#8217;s Court Lectures<\/em> in the second half of the 1970s, first with Blackwell and then with Oxford University Press, failed owing mainly\u00a0to his unwillingness to compromise.<\/p>\n<p style=\"text-align: justify;\">In the last years of his life, Smythies was afflicted with emphysema, to which he succumbed in 1980 without publishing anything else from his lecture notes or his own writings. He had prepared the &#8222;Lectures on Freedom of the Will&#8220; and two lectures on volition for publication in C. Grant Luckhardt&#8217;s <em>Wittgenstein: Sources and Perspectives<\/em>. But the volume appeared in 1978 without these items. Wittgenstein&#8217;s &#8222;Lectures on Freedom of the Will&#8220; were published only in 1989 by his second wife Peg and Rush Rhees, whom she married after Yorick&#8217;s death. A first inventory of the items referring to Wittgenstein&#8217;s lectures in Smythies&#8216; corpus was made in 1998 by Volker A. Munz. In 2001, the original notebooks were sold without the copyright to Kagoshima University, Japan. To date, no inventory exists of Smythies&#8216; own writings. His literary estate is kept at the University of Klagenfurt, to where the rest of his papers were moved after Peg&#8217;s death in 2014. These include in particular a work entitled &#8222;And And And And&#8220;, consisting of four parts: 1) &#8222;Non-Repetition&#8220; (the philosophical part, which remained fragmentary), 2) &#8222;Offices&#8220; (poems), 3) &#8222;Beings&#8220; (poems), and 4) &#8222;Hubert of Calverley&#8220; (play).<\/p>\n<p style=\"text-align: right;\">Volker A. Munz and Bernhard Ritter<\/p>\n<h3>References<\/h3>\n<h5 style=\"text-align: left;\">Bouwsma, O. K. <em>Wittgenstein: Conversations 1949\u20131951<\/em>. Hackett Publishing, Indianapolis, 1986.<\/h5>\n<h5 style=\"text-align: left;\">Conradi, Peter J. &#8222;Did Iris Murdoch Draw From Life?&#8220; In <em>Iris Murdoch Newsletter<\/em>, 15, 2001, 4\u20137.<\/h5>\n<h5 style=\"text-align: left;\">Conradi, Peter J. <em>Iris Murdoch: A Life<\/em>. W. W. Norton, New York, 2001.<\/h5>\n<h5 style=\"text-align: left;\">Luckhardt, C. Grant. <em>Wittgenstein: Sources and Perspectives<\/em>. Cornell University Press, New York, 1978.<\/h5>\n<h5 style=\"text-align: justify;\">McGuinness, Brian (ed.). <em>Wittgenstein in Cambridge: Letters and Documents 1911\u20131951<\/em>. Wiley-Blackwell, Malden (MA), etc., 2008 [= WC].<\/h5>\n<h5 style=\"text-align: left;\">Monk, Ray. <em>Wittgenstein: The Duty of Genius<\/em>. 1991, Penguin Books (1990, Jonathan Cape), New York, etc.<\/h5>\n<h5 style=\"text-align: justify;\">Smythies, Yorick. &#8222;<em>History of Western Philosophy<\/em> by Bertrand Russell&#8220; in <em>The Changing World: Quarterly Review<\/em>, 1947, No. 1, 72\u201381 [<a href=\"https:\/\/wittgenstein-lectures.aau.at\/wp-content\/uploads\/2015\/04\/Smythies_Review_Russell_1947.pdf\">Smythies_Review_Russell_1947<\/a>].<\/h5>\n<h5 style=\"text-align: justify;\">Wittgenstein, Ludwig. <em>Lectures and Conversations on Aesthetics, Psychology and Religious Belief<\/em> Blackwell, London, 1983 (1966).<\/h5>\n<h5 style=\"text-align: justify;\">Wittgenstein, Ludwig. <em>Lectures on the Foundations of Mathematics<\/em>. Diamond, Cora (ed.). Harvester Press, Hassocks, 1976.<\/h5>\n<h5 style=\"text-align: justify;\">Wittgenstein, Ludwig. &#8222;Lectures on Freedom of the Will.&#8220; In <em>Philosophical Investigations<\/em>, Vol. 12, No. 2, 1989, 85\u2013100. Reprinted in <em>Philosophical Occasions 1912\u20131951<\/em>. Klagge, James C.; Nordmann, Alfred (Hg.). Hackett Publishing, Indianapolis, Cambridge, 1993, 429\u2013444.<\/h5>\n<p><!--:--><\/p>\n","protected":false},"excerpt":{"rendered":"<p>Yorick Smythies wurde am 21. Februar 1917 in Shanklin, Isle of Wight, geboren. Eine Anekdote \u00fcber den jungen Yorick besagt, er habe im Alter von f\u00fcnf Jahren ein Schild an seiner T\u00fcr befestigt, auf dem stand: &#8222;Nicht st\u00f6ren, lese Plotin.&#8220; &hellip; <a href=\"https:\/\/www.wittgenstein-lectures.aau.at\/?page_id=470\">Weiterlesen <span class=\"meta-nav\">&rarr;<\/span><\/a><\/p>\n","protected":false},"author":2,"featured_media":0,"parent":0,"menu_order":0,"comment_status":"closed","ping_status":"closed","template":"","meta":{"footnotes":""},"class_list":["post-470","page","type-page","status-publish","hentry"],"_links":{"self":[{"href":"https:\/\/www.wittgenstein-lectures.aau.at\/index.php?rest_route=\/wp\/v2\/pages\/470","targetHints":{"allow":["GET"]}}],"collection":[{"href":"https:\/\/www.wittgenstein-lectures.aau.at\/index.php?rest_route=\/wp\/v2\/pages"}],"about":[{"href":"https:\/\/www.wittgenstein-lectures.aau.at\/index.php?rest_route=\/wp\/v2\/types\/page"}],"author":[{"embeddable":true,"href":"https:\/\/www.wittgenstein-lectures.aau.at\/index.php?rest_route=\/wp\/v2\/users\/2"}],"replies":[{"embeddable":true,"href":"https:\/\/www.wittgenstein-lectures.aau.at\/index.php?rest_route=%2Fwp%2Fv2%2Fcomments&post=470"}],"version-history":[{"count":94,"href":"https:\/\/www.wittgenstein-lectures.aau.at\/index.php?rest_route=\/wp\/v2\/pages\/470\/revisions"}],"predecessor-version":[{"id":718,"href":"https:\/\/www.wittgenstein-lectures.aau.at\/index.php?rest_route=\/wp\/v2\/pages\/470\/revisions\/718"}],"wp:attachment":[{"href":"https:\/\/www.wittgenstein-lectures.aau.at\/index.php?rest_route=%2Fwp%2Fv2%2Fmedia&parent=470"}],"curies":[{"name":"wp","href":"https:\/\/api.w.org\/{rel}","templated":true}]}}