{"id":8,"date":"2011-11-24T13:12:05","date_gmt":"2011-11-24T13:12:05","guid":{"rendered":"https:\/\/wittgenstein-lectures.aau.at\/?page_id=8"},"modified":"2015-04-10T03:20:44","modified_gmt":"2015-04-10T03:20:44","slug":"die-edition","status":"publish","type":"page","link":"https:\/\/www.wittgenstein-lectures.aau.at\/","title":{"rendered":"<!--:de-->Edition<!--:--><!--:en-->Edition<!--:-->"},"content":{"rendered":"<p><!--:de--><\/p>\n<h3 style=\"text-align: left;\" align=\"center\"><strong>Ludwig Wittgenstein. <em>The Whewell&#8217;s Court Lectures, Cambridge 1938-1941<\/em> <\/strong><\/h3>\n<h4><em>Projektleiter:<\/em> Dipl.-Volksw. Dr. Volker A. Munz, M.A.<\/h4>\n<h4><em>Projektmitarbeiter<\/em>: lic. phil. Bernhard Ritter<\/h4>\n<p style=\"text-align: justify;\" align=\"center\">Bei dem vorliegenden Projekt handelt es sich um eine Fortsetzung des Projektes P18200-G6. Das Vorg\u00e4ngerprojekt hat sich mit der Edition bisher unver\u00f6ffentlichter Vorlesungsmitschriften von Wittgenstein-Vorlesungen besch\u00e4ftigt. Die Aufzeichnungen stammen von Yorick Smythies, einem engen Freund und Sch\u00fcler Wittgensteins.<\/p>\n<p style=\"text-align: justify;\">Die Vorlesungszyklen erstrecken sich von Fr\u00fchjahr 1938 bis 1947, der Schwerpunkt liegt zwischen dem Fr\u00fchjahrstrimester 1938 und dem Herbsttrimester 1940. Mit Ausnahme der<em> Lectures and Conversations on Aesthetics<\/em>,<em> Psych<\/em><em>olog<\/em><em>y and Religious Belief<\/em>, <em>A Lecture on Freedom of the Will<\/em> und <em>Wittgenstein&#8217;s Lectures on <\/em><em>t<\/em><em>he Foundations of Mathematics<\/em> sind keine Mitschriften aus diesem Zeitraum bekannt.<\/p>\n<p style=\"text-align: justify;\">Die Besch\u00e4ftigung mit dem gesamten Korpus zeigte die hohe Qualit\u00e4t des Materials. Eine Publikation wird sicher neue Diskussionen zentraler Themen der Philosophie Wittgensteins initiieren. Der Wert der Mitschriften wird unter anderem dadurch deutlich, dass Wittgenstein in seinen Vorlesungen wesentliche Fragestellungen systematischer und fokussierter behandelt als in seinen eigenen Schriften. Smythies&#8216; Korpus er\u00f6ffnet der Wittgensteinforschung daher einen alternativen Zugang, da die Vorlesungen oftmals einen h\u00f6heren Grad an inhaltlicher und methodischer Kontinuit\u00e4t aufweisen als Wittgensteins Originaltexte. Dar\u00fcber hinaus finden sich in den einzelnen Zyklen zahlreiche Beispiele, welche sich in teils identischer, teils nur leicht abgewandelter Form auch in seinen publizierten Arbeiten finden. Insbesondere die Verteilung dieser Beispiele in verschiedenen Kontexten hilft dabei Verbindungen und Zusammenh\u00e4nge zwischen diversen Fragen, die Wittgenstein behandelt, zu erkennen, die ohne diese Bindeglieder keineswegs ersichtlich w\u00e4ren. Ein Vergleich der variierenden Kontexte macht daher die Bannbreite an Verkn\u00fcpfungen unterschiedlicher Zugangsweisen und inhaltlicher Schwerpunktsetzungen Wittgensteins zu thematisch f\u00fcr ihn in engem Zusammenhang stehenden Fragen deutlich. Die Vorlesungsmitschriften liefern somit eine ideale Erg\u00e4nzung zu den bisher zug\u00e4nglichen Schriften Wittgensteins.<\/p>\n<p style=\"text-align: justify;\">Das gesamte Material gliedert sich in verschiedene Ausf\u00fchrungen: Zun\u00e4chst die unmittelbar w\u00e4hrend den Vorlesungen entstandenen Aufzeichnungen von Smythies. Die von Smythies dabei verwendete Kurzschrift garantiert eine besonders wortgetreue Wiedergabe der Wittgenstein&#8217;schen Vorlesungen. Dar\u00fcber hinaus existieren verschiedene handschriftliche \u00dcberarbeitungen dieser Notizen und auf Kassetten von Smythies diktierte Versionen der Mitschriften. Auf Grundlage dieser Kassetten entstanden schlie\u00dflich verschiedene, zum Teil stark von einander abweichende Typoskripte.<\/p>\n<p style=\"text-align: justify;\">Ziel der k\u00fcnftigen Forschungst\u00e4tigkeiten ist die Publikation s\u00e4mtlicher Vorlesungs-aufzeichnungen auf Grundlage der w\u00e4hrend der Vorlesung entstandenen Notizen. Neben einer Druckfassung ist die Publikation einer handschriftlichen Faksimileausgabe geplant, auch, um die editorischen Schritte vollst\u00e4ndig transparent zu machen, sowie der diktierten Tonbandaufzeichnungen Smythies&#8216; auf digitalen Datentr\u00e4gern.<\/p>\n<p><!--:--><!--:en--><\/p>\n<h3 style=\"text-align: left;\" align=\"center\"><strong>Ludwig Wittgenstein. <em>The Whewell&#8217;s Court Lectures, Cambridge 1938-1941<\/em><\/strong><\/h3>\n<h4 style=\"text-align: left;\" align=\"center\"><em>Project director<\/em>: Dipl.-Volksw. Dr. Volker A. Munz, M.A.<\/h4>\n<h4 style=\"text-align: left;\" align=\"center\"><em>Project assistant<\/em>: lic. phil. Bernhard Ritter<\/h4>\n<p style=\"text-align: justify;\" align=\"center\">This project deals with an edition of hitherto unpublished notes of lectures Ludwig Wittgenstein held in Cambridge. The notes were taken by Yorick Smythies, a student and very close friend of Wittgenstein&#8217;s.<\/p>\n<p style=\"text-align: justify;\" align=\"center\">Most of Smythies&#8216; notes were taken from\u00a0Easter Term 1938 to Lent Term 1941. No other notes from that period are known to exist except the <em>Lectures and Conversations on Aesthetics, Psychology and Religious Belief<\/em>, the<em> Lectures on Freedom of the Will<\/em>, and the <em style=\"text-align: justify;\">Lectures on the Foundations of Mathematics<\/em>. All these publications draw from notes by Smythies.<\/p>\n<p style=\"text-align: justify;\" align=\"center\">Extensive research has brought out the high quality of Smythies&#8216; unpublished notes. The projected publication of this material is certain to open new discussions on Wittgenstein&#8217;s treatment of central philosophical questions. The value of Smythies&#8216; notes is reinforced by the fact that Wittgenstein discusses various subjects in his lectures in a more systematic and focused way than in his own written work. This series of lectures display a continuity which is not found in his published writings. Wittgenstein uses numerous examples in his lectures that we find in identical or similar form in his published works, but often in different contexts. Especially the use of examples show connections and interrelations between themes of Wittgenstein&#8217;s philosophy that are not obvious at first sight. References to the <em>Nachlass<\/em> and to Wittgenstein&#8217;s published writings will help the reader to see the similarties and the differences. The <em>Whewell&#8217;s Court Lectures<\/em> will be a helpful complement to Wittgenstein&#8217;s published works.<\/p>\n<p style=\"text-align: justify;\">The material exists in various stages, beginning with the original notes which Smythies took during the lectures. They are written in a kind of shorthand, often difficult to read, which he had developed in order to get closer to what Wittgenstein was saying in the lectures. On the basis of these notes, Smythies produced handwritten fair copies, which he read out and taped. Finally, a secretary prepared a collection of typescripts using the tapes, 21 in total, which Smythies had dictated. The final aim of this research project is to publish the complete notes Smythies took at Wittgenstein&#8217;s lectures and to make Smythies&#8216; tape recordings available in an audio format.<\/p>\n<p><!--:--><script>\/\/ <![CDATA[\n(function(i,s,o,g,r,a,m){i['GoogleAnalyticsObject']=r;i[r]=i[r]||function(){\n  (i[r].q=i[r].q||[]).push(arguments)},i[r].l=1*new Date();a=s.createElement(o),\n  m=s.getElementsByTagName(o)[0];a.async=1;a.src=g;m.parentNode.insertBefore(a,m)\n  })(window,document,'script','\/\/www.google-analytics.com\/analytics.js','ga');\n\n  ga('create', 'UA-59196427-1', 'auto');\n  ga('send', 'pageview');\n\/\/ ]]><\/script><\/p>\n","protected":false},"excerpt":{"rendered":"<p>Ludwig Wittgenstein. The Whewell&#8217;s Court Lectures, Cambridge 1938-1941 Projektleiter: Dipl.-Volksw. Dr. Volker A. Munz, M.A. Projektmitarbeiter: lic. phil. Bernhard Ritter Bei dem vorliegenden Projekt handelt es sich um eine Fortsetzung des Projektes P18200-G6. Das Vorg\u00e4ngerprojekt hat sich mit der Edition &hellip; <a href=\"https:\/\/www.wittgenstein-lectures.aau.at\/\">Weiterlesen <span class=\"meta-nav\">&rarr;<\/span><\/a><\/p>\n","protected":false},"author":2,"featured_media":0,"parent":0,"menu_order":0,"comment_status":"closed","ping_status":"closed","template":"","meta":{"footnotes":""},"class_list":["post-8","page","type-page","status-publish","hentry"],"_links":{"self":[{"href":"https:\/\/www.wittgenstein-lectures.aau.at\/index.php?rest_route=\/wp\/v2\/pages\/8","targetHints":{"allow":["GET"]}}],"collection":[{"href":"https:\/\/www.wittgenstein-lectures.aau.at\/index.php?rest_route=\/wp\/v2\/pages"}],"about":[{"href":"https:\/\/www.wittgenstein-lectures.aau.at\/index.php?rest_route=\/wp\/v2\/types\/page"}],"author":[{"embeddable":true,"href":"https:\/\/www.wittgenstein-lectures.aau.at\/index.php?rest_route=\/wp\/v2\/users\/2"}],"replies":[{"embeddable":true,"href":"https:\/\/www.wittgenstein-lectures.aau.at\/index.php?rest_route=%2Fwp%2Fv2%2Fcomments&post=8"}],"version-history":[{"count":70,"href":"https:\/\/www.wittgenstein-lectures.aau.at\/index.php?rest_route=\/wp\/v2\/pages\/8\/revisions"}],"predecessor-version":[{"id":699,"href":"https:\/\/www.wittgenstein-lectures.aau.at\/index.php?rest_route=\/wp\/v2\/pages\/8\/revisions\/699"}],"wp:attachment":[{"href":"https:\/\/www.wittgenstein-lectures.aau.at\/index.php?rest_route=%2Fwp%2Fv2%2Fmedia&parent=8"}],"curies":[{"name":"wp","href":"https:\/\/api.w.org\/{rel}","templated":true}]}}